{"id":8183,"date":"2019-07-08T04:25:33","date_gmt":"2019-07-08T04:25:33","guid":{"rendered":"https:\/\/correiodasemana.com\/site\/?page_id=8183"},"modified":"2021-05-23T23:57:49","modified_gmt":"2021-05-24T02:57:49","slug":"imobiliaria-imossil","status":"publish","type":"page","link":"https:\/\/correiodasemana.com\/site\/imobiliaria-imossil\/","title":{"rendered":"Imobili\u00e1ria Imossil"},"content":{"rendered":"<p>Pontes &amp; Coelho Ltda. CEP: 62.010-140<br \/>\nCNPJ: 02.188.528\/0001-61 Creci: 0683J<br \/>\nRua Des. Moreira da Rocha, 394.<br \/>\nEmail: imobili\u00e1riaimossil@hotmail.com<br \/>\nSobral \u2013 Cear\u00e1 Fone: 3611-4438\/3611-5848<\/p>\n<p><strong>CASAS<\/strong><br \/>\n01) ALAMEDA MARANH\u00c3O, 48 \u2013 CASAS 02 e 03(Colina Boa Vista)pr\u00f3ximo a Grendene Garagem, sala, banheiro social, cozinha, despensa, \u00e1rea de servi\u00e7o PAVIMENTO SUPERIOR: Sala, varanda, tr\u00eas quartos(sendo um su\u00edte), banheiro social R$ 1.000,00 + condom\u00ednio<br \/>\n02) RUA DR. MONTE, 242(Centro)pr\u00f3ximo ao Minist\u00e9rio do Trabalho Duas salas, quarto, banheiro, cozinha, despensa, \u00e1rea de servi\u00e7o R$ 600,00<br \/>\n03) TV. DR. MONTE, 54(Centro)pr\u00f3ximo ao CEJA Sala, dois quartos(sendo um su\u00edte), banheiro social, cozinha, \u00e1rea de servi\u00e7o R$ 600,00<br \/>\n04) TV. DR. MONTE, 70(Centro)pr\u00f3ximo ao CEJA Sala, dois quartos, banheiro social, cozinha, \u00e1rea de servi\u00e7o R$ 550,00<br \/>\n05) RUA S\u00c3O JOS\u00c9, 64(Centro)pr\u00f3ximo ao Arco de Nossa Senhora Sala, tr\u00eas quartos, banheiro, cozinha, \u00e1rea de servi\u00e7o R$ 500,00<br \/>\n06) AV. LUCIA SABOIA, 621(Centro)pr\u00f3ximo a Multi Gr\u00e1fica PAVIMENTO T\u00c9RREO: Garagem, duas salas, su\u00edte com closet, cozinha, \u00e1rea de servi\u00e7o, quintal, piscina, dep\u00f3sito PAVIMENTO SUPERIOR: Varanda, sala, quatro quartos(sendo um su\u00edte), banheiro social, \u00e1rea aberta R$ 2.000,00<br \/>\n07) TV. DR. MONTE, 40(Centro)pr\u00f3ximo ao CEJA Sala, quarto, banheiro, cozinha, \u00e1rea de servi\u00e7o R$ 500,00<br \/>\n08) AV. DR. GUARANI, 90(Derby)pr\u00f3ximo ao Col\u00e9gio Estadual Garagem, duas salas, tr\u00eas quartos(sendo um su\u00edte), banheiro social, lavabo, depend\u00eancia de empregada, banheiro, cozinha, despensa, \u00e1rea de servi\u00e7o, dep\u00f3sito R$ 800,00<br \/>\n09) RUA TAB. ANTONIO ALMEIDA, 257(Centro)pr\u00f3ximo a quadra do S\u00e3o Francisco Sala, varanda, dois quartos, banheiro social, cozinha, \u00e1rea de servi\u00e7o R$ 500,00<br \/>\n10) RUA CAMILO LELIS, 124(Campo dos Velhos)pr\u00f3ximo ao Edificio Sprendor Sala, quarto, banheiro, cozinha, \u00e1rea de servi\u00e7o R$ 300,00<br \/>\n11) RUA DINA MENDES, 40(Derby)pr\u00f3ximo a Faculdade de Medicina &#8211; Jardim, garagem, sala, tr\u00eas quartos(sendo um su\u00edte), banheiro social, cozinha, \u00e1rea de servi\u00e7o, despensa, depend\u00eancia de empregada com banheiro, quintal R$ 1.700,00<br \/>\n12) RUA DR. MONTE, 787(Centro)pr\u00f3ximo a Igreja do S\u00e3o Francisco &#8211; Garagem, tr\u00eas salas, tr\u00eas quartos(sendo dois su\u00edte), banheiro social, cozinha, banheiro, depend\u00eancia de empregada, \u00e1rea de servi\u00e7o, quintal R$ 1.100,00<br \/>\n13) RUA JO\u00c3O CORDEIRO, 526(Junco)pr\u00f3ximo ao est\u00e1dio do Junco Garagem, sala, tr\u00eas quartos(sendo um su\u00edte), banheiro social, depend\u00eancia de empregada, cozinha, despensa, \u00e1rea de servi\u00e7o, quintal R$ 1.000,00<br \/>\n14) RUA DONA MARIA TOMAZIA, 290(Centro)pr\u00f3ximo ao Arco &#8211; Garagem, sala, banheiro, cozinha, \u00e1rea de servi\u00e7o PAVIMENTO SUPERIOR: Sala, dois quartos(sendo um su\u00edte), varanda R$ 1.000,00<\/p>\n<p>15) RUA CONS. RODRIGUES JUNIOR, 174(Centro)pr\u00f3ximo a C\u00e2mara Municipal &#8211; Jardim, garagem, tr\u00eas salas, banheiro social, cozinha, depend\u00eancia com banheiro, \u00e1rea de servi\u00e7o, quintal PAVIMENTO SUPERIOR: Sala, duas varandas, tr\u00eas su\u00edtes R$ 1.000,00<br \/>\n16) RUA TAB. ILDEFONSO CAVALCANTE, 464(Centro)pr\u00f3ximo a Farm\u00e1cia Pague Menos Garagem, duas salas, varanda, tr\u00eas quartos(sendo um su\u00edte), banheiro social, depend\u00eancia de empregada com banheiro, cozinha, despensa, \u00e1rea de servi\u00e7o R$ 1.000,00<br \/>\n17) RUA JORN. VICENTE LOIOLA, 82(Campo dos Velhos)pr\u00f3ximo ao Parque da Cidade Jardim, garagem, sala, tr\u00eas quartos(sendo em su\u00edte), banheiro social, quarto de empregada com banheiro, cozinha, \u00e1rea de servi\u00e7o, quintal R$ 1.000,00<br \/>\n18) RUA MARIA MONTE, 461(Domingos Olimpio)pr\u00f3ximo ao Cir\u00e3o Garagem, sala, lavabo, cozinha, despensa, \u00e1rea de servi\u00e7o, quarto de empregada com banheiro PAVIMENTO SUPERIOR: Sala, varanda, tr\u00eas su\u00edtes(sendo uma com closet) R$ 1.300,00<br \/>\n19) RUA DR. JO\u00c3O DO MONTE, 383(Centro)pr\u00f3ximo a Pra\u00e7a do Bosque Jardim, garagem, duas salas, quatro quartos(sendo dois su\u00edtes com closet), dois banheiros social, cozinha, despensa, \u00e1rea de servi\u00e7o, quintal PAVIMENTO INFERIOR: quarto, banheiro, dep\u00f3sito R$ 3.000,00<br \/>\n20) RUA SANZIO SHERLOCK, 346 \u2013 QUADRA 56(Boa Vizinhan\u00e7a) Garagem para 03 carros, sala, tr\u00eas quartos(sendo um su\u00edte e um revers\u00edvel), cozinha, despensa, \u00e1rea de servi\u00e7o R$ 1.200,00<br \/>\n21) RUA ORIANO MENDES, 289(Centro) Garagem para moto, sala, quarto su\u00edte com closet, banheiro social, cozinha, despensa, \u00e1rea de servi\u00e7o PAVIMENTO SUPERIOR: Dois quartos su\u00edtes com varanda R$ 1.000,00<br \/>\n22) RUA MARIA TOMASIA, 986(Centro)pr\u00f3ximo a linha do trem Sala, quarto, banheiro, cozinha, \u00e1rea de servi\u00e7o R$ 500,00<br \/>\n23) RUA CEL. FREDERICO GOMES, 677(Centro)pr\u00f3ximo a Igreja do S\u00e3o Francisco Duas salas, varanda, tr\u00eas quartos(sendo um su\u00edte), banheiro social, quarto de empregada, cozinha, despensa, \u00e1rea de servi\u00e7o R$ 1.000,00<br \/>\n24) RUA PINTOR LEMOS, 724(Centro)pr\u00f3ximo ao Rainha Duas salas, quarto, banheiro, cozinha, \u00e1rea de servi\u00e7o, quintal R$ 500,00<br \/>\n25) RUA ANTONIO FELIX IBIAPINA, 128(Junco)pr\u00f3ximo a Gruta Jardim, garagem, sala, dois quartos(sendo um su\u00edte), banheiro social, cozinha, \u00e1rea de servi\u00e7o, quintal R$ 800,00<br \/>\n26) RUA HUMBERTO MENDON\u00c7A LOPES, 692(Domingos Olimpio)pr\u00f3ximo a Coelce Jardim, garagem, sala, quatro quartos(sendo dois su\u00edtes), banheiro social, quarto de empregada com banheiro, cozinha, despensa, \u00e1rea de servi\u00e7o, quintal R$ 2.250,00<br \/>\n27) RUA MONS. LINHARES, 169(Campo dos Velhos)pr\u00f3ximo a Servmed Garagem, sala, tr\u00eas quartos(sendo um su\u00edte), banheiro social, quarto de empregada com banheiro, cozinha, \u00e1rea de servi\u00e7o R$ 1.000,00<br \/>\n28) RUA JOS\u00c9 NICODEMOS DE ARAUJO, 248(Campo dos Velhos)pr\u00f3ximo ao Buffet Stripulia Jardim, garagem, sala, tr\u00eas su\u00edtes, banheiro social, quarto de empregada com banheiro, cozinha, despensa, \u00e1rea de servi\u00e7o R$ 2.000,00<br \/>\n29) RUA MONS. LINHARES, 129(Campo dos Velhos)pr\u00f3ximo a Servmed Garagem, sala, tr\u00eas quartos(sendo um su\u00edte), banheiro social, cozinha, \u00e1rea de servi\u00e7o R$ 900,00<br \/>\n30) RUA JOS\u00c9 FALB RANGEL, 719(Campo dos Velhos)pr\u00f3ximo ao antigo Hotel Villa Real Garagem, sala, tr\u00eas quartos(sendo um su\u00edte), banheiro social, quarto de empregada com banheiro, cozinha, despensa, \u00e1rea de servi\u00e7o, quintal R$ 1.000,00<\/p>\n<p><strong>APARTAMENTOS<\/strong><br \/>\n01) RUA OSVALDO RANGEL, 20-APTO. 001 e 002(Dom Expedito)pr\u00f3ximo a Igreja S\u00e3o Pedro Sala, dois quartos, banheiro, cozinha R$ 600,00<br \/>\n02) RUA ANTONIO MENDES CARNEIRO, 516 \u2013 APTO. 102 e 302(Centro)pr\u00f3ximo ao Consult\u00f3rio da Dra. Liana Coelho Garagem, sala, dois quartos(sendo um su\u00edte), banheiro social, cozinha, \u00e1rea de servi\u00e7o R$ 800,00 + condom\u00ednio<br \/>\n03) AV. PROF. SABOYA, 140 \u2013 APTO. 202(Junco)pr\u00f3ximo ao SESI Garagem, sala, dois quartos(sendo um revers\u00edvel), quarto de empregada, banheiro, cozinha, \u00e1rea de servi\u00e7o R$ 800,00 + condom\u00ednio<br \/>\n04) RUA JO\u00c3O DIAS DE CARVALHO, 46 \u2013 APTOS. 101, 102, 103, 104, 201, 203, 204, 303 e 304(Expectativa) Garagem, sala, varanda, dois quartos(sendo um su\u00edte), banheiro social, cozinha, \u00e1rea de servi\u00e7o R$ 1.000,00 + condom\u00ednio<br \/>\n05) RUA ANAHID ANDRADE, 772 \u2013 APTO. 201 e 204(Centro)pr\u00f3ximo a Gr\u00e1fica Global Sala, dois quartos (sendo um su\u00edte), banheiro social, cozinha, \u00e1rea de servi\u00e7o R$ 600,00 + condom\u00ednio<br \/>\n06) TV. JOAQUIM DIAS DA PONTE, 85 \u2013 APTO. 101 e 201(Pedrinhas)pr\u00f3ximo a AABB Garagem, sala, varanda, dois quartos(sendo um su\u00edte), banheiro social, quarto de empregada, cozinha, \u00e1rea de servi\u00e7o R$ 700,00 + condom\u00ednio<br \/>\n07) AV. PAULO DE ALMEIDA SANFORD, 1195 \u2013 APTO. 102-ED. COLMEIA(Dr. Juvencio de Andrade) Garagem para dois carros, sala, varanda, escrit\u00f3rio, tr\u00eas su\u00edtes(sendo um com closet), banheiro social, depend\u00eancia de empregada com banheiro, cozinha, \u00e1rea de servi\u00e7o, piscina, deck, quadra de esportes, sal\u00e3o de festas, parque infantil R$ 1.900,00 + condom\u00ednio<br \/>\n08) RUA CEL. HENRIQUE RODRIGUES, 155 \u2013 APTO. 204(Campo dos Velhos)pr\u00f3ximo a Escola Ethos Garagem, sala, tr\u00eas quartos(sendo um su\u00edte), banheiro social, cozinha, \u00e1rea de servi\u00e7o R$ 700,00 + condom\u00ednio<br \/>\n09) AV. JOS\u00c9 ARIMATEIA MONTE E SILVA, 313 \u2013 APTOS. 203 e 303(Campo dos Velhos)pr\u00f3ximo ao Lagoa Garagem, sala, dois quartos(sendo um su\u00edte), banheiro social, cozinha, \u00e1rea de servi\u00e7o R$ 700,00 + condom\u00ednio<br \/>\nALUGAMOS CHALES POR TEMPORADA:<br \/>\n01) TR\u00caS CHALES, Na localidade de Palestina- Meruoca. Com muita tranq\u00fcilidade, paz, belezas naturais e ar puro. Pre\u00e7o a combinar CONTATOS: (85) 8719-6347\/\/(88)9642-0654\/\/(88)9462-2080<br \/>\nKIT NET<br \/>\n01) RUA RANDAL POMPEU MAGALH\u00c3ES, 97(Centro)pr\u00f3ximo a Igreja da S\u00e9 Sala\/cozinha, quarto, banheiro R$ 650,00<br \/>\n02) RUA ANAHID ANDRADE, 772 \u2013 APTO. 104(Centro)pr\u00f3ximo a Global Grafica Garagem p\/moto, sala, quarto, banheiro, cozinha, despensa, \u00e1rea de servi\u00e7o R$ 400,00 + condom\u00ednio<br \/>\n03) RUA MT. JOS\u00c9 PEDRO, 528 \u2013 APTO. 101 e 102(Centro)pr\u00f3ximo ao consult\u00f3rio do Dr. Pedro Olivar Quarto, banheiro R$ 450,00<br \/>\n04) RUA ANAHID ANDRADE, 772 \u2013 APTO. 101, 102, 103, 202 e 203(Centro)pr\u00f3ximo a Global Grafica Garagem para moto, sala\/cozinha, quarto, banheiro, \u00e1rea de servi\u00e7o R$ 400,00 + condom\u00ednio<br \/>\n05) AV. JOHN SANFORD, 1394 \u2013 APTO. 001, 003 e 004(Junco)pr\u00f3ximo a Escola de Sa\u00fade Garagem para moto, sala\/cozinha, quarto, banheiro R$ 400,00(cada)<br \/>\n06) RUA DOMINGOS RODRIGUES, 233 \u2013 APTOS. 101, 102, 103, 104 e 204(Cora\u00e7\u00e3o de Jesus)pr\u00f3ximo ao Lagoa<br \/>\nGaragem, sala, quarto, banheiro, cozinha, \u00e1rea de servi\u00e7o R$ 600,00 + condom\u00ednio<\/p>\n<p>07) RUA VER. JOS\u00c9 DA MATA E SILVA, 282 \u2013 APTO. 101, 102, 103 e 104(Junco)pr\u00f3ximo a Escola de Sa\u00fade Sala, quarto, cozinha, banheiro, \u00e1rea de servi\u00e7o R$ 400,00(cada)<br \/>\n08) RUA ORIANO MENDES, 517 \u2013 APTO. 103(Centro)pr\u00f3ximo ao CEJA Sala, cozinha, su\u00edte completa, \u00e1rea de servi\u00e7o, varanda, jardim, quintal R$ 490,00 + condom\u00ednio<br \/>\n09) RUA ORIANO MENDES, 517 \u2013 APTO. 201(Centro)pr\u00f3ximo ao CEJA Sala, dormit\u00f3rio, banheiro, copa\/cozinha R$ 330,00 + condom\u00ednio<br \/>\n10) RUA ORIANO MENDES, 517 \u2013 APTO. 202(Centro)pr\u00f3ximo ao CEJA Sala de tv, cozinha, banheiro, sala, varanda, \u00e1rea de servi\u00e7o, su\u00edte completa R$ 510,00 + condom\u00ednio<br \/>\n11) RUA DOMINGOS OLIMPIO, 315 \u2013 APTO. 001, 002 e 003(Centro)pr\u00f3ximo a PC Net Sala, quarto, banheiro, cozinha, \u00e1rea de servi\u00e7o R$ 500,00<br \/>\n12) RUA DAS PEDRINHAS, 251 \u2013 APTO. 101 e 102(Pedrinhas)pr\u00f3ximo ao Posto de Sa\u00fade Sala, quarto, banheiro, cozinha, \u00e1rea de servi\u00e7o R$ 400,00(cada)<br \/>\n13) RUA DOMINGOS OLIMPIO, 311 \u2013 APTO. 102, 104 e 106(Centro)pr\u00f3ximo a Loja Molecada Sala, quarto, banheiro, cozinha, \u00e1rea de servi\u00e7o R$ 500,00<br \/>\n14) RUA MENINO DEUS, 348 \u2013 APTO. 101, 201 e 202(Centro)pr\u00f3ximo a Igreja do Menino Deus Sala, quarto, banheiro. Cozinha R$ 550,00(cada)<br \/>\n15) RUA ORIANO MENDES, 513 \u2013 APTOS. 101, 102 e 103(Centro)pr\u00f3ximo ao CEJA Sala, quarto, banheiro, cozinha R$ 400,00<br \/>\n16) RUA DES. MOREIRA DA ROCHA, 345 \u2013 APTO. 202(Centro)pr\u00f3ximo a IMOSSIL Sala, quarto, banheiro R$ 450,00<br \/>\n17) RUA ORIANO MENDES, 517 \u2013 APTO. 101(Centro)pr\u00f3ximo ao CEJA Garagem para moto, sala\/cozinha, quarto e banheiro R$ 300,00 + condom\u00ednio<br \/>\n18) RUA CEL. JOS\u00c9 SILVESTRE, 860 \u2013 APTO. 102(Centro)pr\u00f3ximo a H. Joias Sala, dois quartos, banheiro, cozinha R$ 600,00 + condom\u00ednio<br \/>\n19) AV. JOHN SANFORD, 1971 \u2013 APTO. 001 e 003(Junco)pr\u00f3ximo ao posto de gasolina Garagem para moto, sala, quarto, banheiro, cozinha R$ 350,00<br \/>\n20) TV. JOAQUIM LOPES, 95 \u2013 APTO. 304(Centro)pr\u00f3ximo a Igreja do Patroc\u00ednio Garagem para moto, sala, quarto, banheiro, cozinha R$ 450,00<\/p>\n<p><strong>PONTOS COMERCIAIS<\/strong><br \/>\n01) RUA VIRIATO DE MEDEIROS, 1005(Centro)pr\u00f3ximo Farm\u00e1cia Fernandes R$ 1.000,00 Com 175,84 m\u00b2<br \/>\n02) RUA LUIZ GONZAGA PRADO, 216 e 222(Centro)pr\u00f3ximo a Santa Casa R$ 900,00(cada)<br \/>\n03) RUA RANDAL POMPEU, 93(Centro)pr\u00f3ximo a Igreja da S\u00e9 R$ 2.000,00<br \/>\n04) RUA MT. JOS\u00c9 PEDRO, 513(Centro)pr\u00f3ximo ao Museu R$ 2.000,00<br \/>\n05) RUA DES. MOREIRA DA ROCHA, 345(Centro)pr\u00f3ximo a IMOSSIL R$ 2.000,00<br \/>\n06) RUA CEL. JOS\u00c9 SILVESTRE, 125(Centro)pr\u00f3ximo ao mercado central R$ 800,00<br \/>\n07) RUA VER. JOS\u00c9 DA MATA E SILVA, 280(Junco)pr\u00f3ximo a Escola de Sa\u00fade R$ 1.000,00<br \/>\n08) AV. JOHN SANFORD, 1554 e 1562(Junco)pr\u00f3ximo ao Hospital Regional R$ 2.000,00(cada)<br \/>\n09) RUA TAB. ILDEFONSO CAVALCANTE, 456(Centro)pr\u00f3ximo a Pague Menos R$ 600,00<br \/>\n10) RUA CEL. DIOGO GOMES, 1303(Centro)pr\u00f3ximo ao Banco do Brasil R$ 2.000,00 Com 83,29 m\u00b2<br \/>\n11) RUA PE. ANTONIO IBIAPINA S\/N\u00ba(Centro)Pr\u00f3ximo a Drogasil R$ 2.500,00<br \/>\n12) TV. DR. JO\u00c3O CARLOS, 137(Centro)pr\u00f3ximo a Zenir R$ 800,00<br \/>\n13) AV. DOM JOS\u00c9, 1271(Centro)pr\u00f3ximo ao Col\u00e9gio Sant\u2019Ana R$ 3.000,00<br \/>\n14) RUA DOMINGOS OLIMPIO, 194(Centro)pr\u00f3ximo ao 1\u00ba Cart\u00f3rio R$ 2.000,00<br \/>\n15) RUA CEL. DIOGO GOMES, 1681(Centro)pr\u00f3ximo a Igreja do Patroc\u00ednio R$ 1.500,00<br \/>\n16) RUA ANAHID ANDRADE, 776(Centro)pr\u00f3ximo ao cemit\u00e9rio R$ 900,00<br \/>\n17) RUA DOMINGOS OLIMPIO, 582(Centro)Pr\u00f3ximo a Farm\u00e1cia do S\u00e2nzio R$ 1.800,00<\/p>\n<p><strong>VENDAS<\/strong><br \/>\n<strong>CASAS<\/strong><br \/>\nRUA DR. JO\u00c3O DO MONTE, 962 ESQUINA COM A RUA FREDERICO GOMES<br \/>\nFrente com quatro janelas e uma porta, sala de estar, corredor com tr\u00eas quartos de um lado e dois quartos do outro lado, sala de jantar, copa, banheiro, \u00e1rea de inverno, despensa, cozinha, banheiro, \u00e1rea de servi\u00e7o, quintal, garagem, depend\u00eancia de empregada completa. R$ 1.700.000,00<br \/>\nRUA DR. JUVENCIO DE ANDRADE, 166(Centro)pr\u00f3ximo a Igreja da Sa\u00fade Garagem, jardim, duas salas, tr\u00eas quartos(sendo um su\u00edte), banheiro social, quarto de empregada com banheiro, cozinha, despensa, \u00e1rea de servi\u00e7o, quintal R$ 400.000,00 \u00c1REA: 8,30 m x 27,00 m = \u00c1REA TOTAL: 224,10 m\u00b2<br \/>\nRUA GIOVANNI CARNEIRO(Colina da Boa Vista) R$ 1.100.000,00 &#8211; Casa \u2013 R$ 600.000,00 &#8211; 03 lotes \u2013 R$ 600.000,00<br \/>\nRUA PINTOR LEMOS, 44(Centro)pr\u00f3ximo a Santa Casa R$ 300.000,00<br \/>\nRUA ADALGISA S\u00c1, 111(Cidade Pedro Mendes Carneiro)Pr\u00f3ximo ao Detran Garagem, sala, tr\u00eas quartos(sendo um su\u00edte), banheiro social, cozinha, despensa, \u00e1rea de servi\u00e7o R$ 165.000,00(cada)<\/p>\n<p><strong>APARTAMENTOS<\/strong><br \/>\nTV. JOAQUIM DIAS DA PONTE, 85 \u2013 APTO. 201(Pedrinhas)pr\u00f3ximo a AABB Garagem, sala, varanda, dois quartos(sendo um su\u00edte), banheiros social, quarto de empregada, cozinha, \u00e1rea de servi\u00e7o R$ 250.000,00<br \/>\nAV. JOS\u00c9 ARIMATEIA MONTE E SILVA, 313 \u2013 APTO. 203 e 303(Campo dos Velhos)pr\u00f3ximo ao Supermercado Lagoa Garagem, sala, dois quartos(um su\u00edte), banheiro social, cozinha, \u00e1rea de servi\u00e7o R$ 160.000,00<br \/>\nPONTOS COMERCIAIS<br \/>\nAV. DOM JOS\u00c9, 1489 (Centro)pr\u00f3ximo a Pra\u00e7a da Coluna da Hora R$ 1.200.000,00<\/p>\n","protected":false},"excerpt":{"rendered":"<p>Pontes &amp; Coelho Ltda. CEP: 62.010-140 CNPJ: 02.188.528\/0001-61 Creci: 0683J Rua Des. Moreira da Rocha,&#8230;<\/p>\n","protected":false},"author":1,"featured_media":0,"parent":0,"menu_order":0,"comment_status":"closed","ping_status":"closed","template":"","meta":{"footnotes":""},"class_list":["post-8183","page","type-page","status-publish","hentry"],"jetpack-related-posts":[],"jetpack_sharing_enabled":true,"_links":{"self":[{"href":"https:\/\/correiodasemana.com\/site\/wp-json\/wp\/v2\/pages\/8183","targetHints":{"allow":["GET"]}}],"collection":[{"href":"https:\/\/correiodasemana.com\/site\/wp-json\/wp\/v2\/pages"}],"about":[{"href":"https:\/\/correiodasemana.com\/site\/wp-json\/wp\/v2\/types\/page"}],"author":[{"embeddable":true,"href":"https:\/\/correiodasemana.com\/site\/wp-json\/wp\/v2\/users\/1"}],"replies":[{"embeddable":true,"href":"https:\/\/correiodasemana.com\/site\/wp-json\/wp\/v2\/comments?post=8183"}],"version-history":[{"count":12,"href":"https:\/\/correiodasemana.com\/site\/wp-json\/wp\/v2\/pages\/8183\/revisions"}],"predecessor-version":[{"id":16512,"href":"https:\/\/correiodasemana.com\/site\/wp-json\/wp\/v2\/pages\/8183\/revisions\/16512"}],"wp:attachment":[{"href":"https:\/\/correiodasemana.com\/site\/wp-json\/wp\/v2\/media?parent=8183"}],"curies":[{"name":"wp","href":"https:\/\/api.w.org\/{rel}","templated":true}]}}